{"id":2,"date":"2019-09-04T14:57:03","date_gmt":"2019-09-04T14:57:03","guid":{"rendered":"http:\/\/flachim.ro\/?p=2"},"modified":"2024-03-07T14:40:03","modified_gmt":"2024-03-07T14:40:03","slug":"proiecte","status":"publish","type":"page","link":"https:\/\/flachim.ro\/hu\/proiecte\/","title":{"rendered":"Projektjeink"},"content":{"rendered":"<h1>Proiecte<\/h1>\n<div>Expertiz\u0103, Pasiune<br class=\"uk-visible@s\"> &amp; Profesionalism<span class=\"uk-text-primary\">.<\/span><\/div>\n<div>Pasiunea pentru noile tehnici \u0219i materiale de construc\u021bii se reflect\u0103 \u00een proiectele noastre. Folosim tehnologii de ultim\u0103 genera\u021bie pentru a ob\u021bine rezultate superioare calitativ.<\/div>\n<p>\n    <a href=\"#proiecte\">Vezi proiecte<\/a>\n<\/p>\n<ul>\n<li>\n<p>        <img decoding=\"async\" src=\"\/wp-content\/uploads\/2024\/03\/9999.webp\" alt=\"Reabilitare corp cl\u0103dire internat Colegiul Tehnic \"Ioan Ciordas\" Beiu\u0219\"><\/p>\n<h2>Extindere re\u021bea ap\u0103 canal<\/h2>\n<p>Beiu\u0219<\/p>\n<p><a href=\"\/reabilitare-corp-cladire-internat-colegiul-tehnic-ioan-ciordas-beius\/\"><\/a><\/p>\n<\/li>\n<li>\n<p>        <img decoding=\"async\" src=\"\/wp-content\/uploads\/2022\/12\/01-4.webp\" alt=\"Extindere re\u021bea ap\u0103 canal Comuna S\u00e2ntmartin\"><\/p>\n<h2>Extindere re\u021bea ap\u0103 canal<\/h2>\n<p>Comuna S\u00e2ntmartin<\/p>\n<p><a href=\"\/extindere-retea-apa-canal-comuna-santmartin\/\"><\/a><\/p>\n<\/li>\n<li>\n<p>        <img decoding=\"async\" src=\"\/wp-content\/uploads\/2022\/12\/01-5.webp\" alt=\"Re\u021bea canalizare menajer\u0103 subpresiune T\u0103uteu\"><\/p>\n<h2>Re\u021bea canalizare menajer\u0103 subpresiune<\/h2>\n<p>T\u0103uteu<\/p>\n<p><a href=\"\/retea-canalizare-menajera-subpresiune-tauteu\/\"><\/a><\/p>\n<\/li>\n<li>\n<p>        <img decoding=\"async\" src=\"\/wp-content\/uploads\/2022\/12\/01-6.webp\" alt=\"Re\u021bea alimentare cu ap\u0103 Derna\"><\/p>\n<h2>Re\u021bea alimentare cu ap\u0103<\/h2>\n<p>Derna<\/p>\n<p><a href=\"\/retea-alimentare-cu-apa-derna\/\"><\/a><\/p>\n<\/li>\n<li>\n<p>        <img decoding=\"async\" src=\"\/wp-content\/uploads\/2022\/12\/04-1.webp\" alt=\"Re\u021bele termice exterioare, etapele 1-2, la Universitatea din Oradea\"><\/p>\n<h2>Re\u021bele termice exterioare, etapele 1-2<\/h2>\n<p>Universitatea din Oradea<\/p>\n<p><a href=\"\/retele-termice-exterioare-etapele-1-2-la-universitatea-din-oradea\/\"><\/a><\/p>\n<\/li>\n<li>\n<p>        <img decoding=\"async\" src=\"\/wp-content\/uploads\/2022\/12\/03-2.webp\" alt=\"Construire corp V3 \u00een cadrul proiectului Smart Campus, Universitatea din Oradea\"><\/p>\n<h2>Construire corp V3 \u00een cadrul proiectului Smart Campus<\/h2>\n<p>Universitatea din Oradea<\/p>\n<p><a href=\"\/construire-corp-v3-in-cadrul-proiectului-smart-campus-universitatea-din-oradea\/\"><\/a><\/p>\n<\/li>\n<li>\n<p>        <img decoding=\"async\" src=\"\/wp-content\/uploads\/2022\/12\/02-10.webp\" alt=\"Construc\u021bie capel\u0103 comuna Spinu\u0219 2021-2022\"><\/p>\n<h2>Construc\u021bie capel\u0103 2021-2022<\/h2>\n<p>Comuna Spinu\u0219<\/p>\n<p><a href=\"\/constructie-capela-comuna-spinus-2021-2022\/\"><\/a><\/p>\n<\/li>\n<li>\n<p>        <img decoding=\"async\" src=\"\/wp-content\/uploads\/2022\/12\/01-11.webp\" alt=\"Reabilitare sediu Erba\u0219u Construct Transilvania 2022\"><\/p>\n<h2>Reabilitare sediu 2022<\/h2>\n<p>Erba\u0219u Construct Transilvania<\/p>\n<p><a href=\"\/reabilitare-sediu-erbasu-construct-transilvania-2022\/\"><\/a><\/p>\n<\/li>\n<li>\n<p>        <img decoding=\"async\" src=\"\/wp-content\/uploads\/2022\/12\/01-12.webp\" alt=\"Costructii agro industriale, modernizare \u0219i reabilitare grajd comuna Ghiorac\"><\/p>\n<h2>Costructii agro industriale, modernizare \u0219i reabilitare grajd<\/h2>\n<p>Comuna Ghiorac<\/p>\n<p><a href=\"\/costructii-agro-industriale-modernizare-si-reabilitare-grajd-comuna-ghiorac\/\"><\/a><\/p>\n<\/li>\n<\/ul>\n<p><!--more--><br \/>\n<!-- {\"name\":\"Portfolio\",\"type\":\"layout\",\"children\":[{\"name\":\"Hero\",\"type\":\"section\",\"props\":{\"animation\":\"slide-left-small\",\"animation_delay\":\"200\",\"image_position\":\"center-center\",\"padding\":\"none\",\"padding_remove_top\":false,\"style\":\"secondary\",\"title_breakpoint\":\"xl\",\"title_position\":\"top-left\",\"title_rotation\":\"left\",\"vertical_align\":\"middle\",\"width\":\"\"},\"children\":[{\"type\":\"row\",\"props\":{\"column_gap\":\"large\",\"layout\":\"1-2,1-2\",\"row_gap\":\"large\",\"vertical_align\":false},\"children\":[{\"type\":\"column\",\"props\":{\"css\":\".el-column {\\n\\tmin-height: 500px;\\n}\",\"image\":\"wp-content\\\/uploads\\\/2022\\\/12\\\/5555-1.webp\",\"image_loading\":true,\"image_position\":\"center-center\",\"image_size\":\"cover\",\"position_sticky_breakpoint\":\"m\",\"width_medium\":\"1-2\"}},{\"type\":\"column\",\"props\":{\"image_position\":\"center-center\",\"padding\":\"large\",\"position_sticky_breakpoint\":\"m\",\"style\":\"tile-secondary\",\"width_medium\":\"1-2\"},\"children\":[{\"type\":\"headline\",\"props\":{\"block_align\":\"center\",\"content\":\"Proiecte\",\"maxwidth\":\"xlarge\",\"maxwidth_breakpoint\":\"l\",\"title_color\":\"primary\",\"title_element\":\"h1\",\"title_style\":\"h6\"}},{\"type\":\"headline\",\"props\":{\"block_align\":\"center\",\"content\":\"Expertiz\\u0103, Pasiune<br class=\\\"uk-visible@s\\\"> &amp; Profesionalism<span class=\\\"uk-text-primary\\\">.<\\\/span>\",\"margin\":\"medium\",\"margin_remove_top\":false,\"maxwidth\":\"xlarge\",\"maxwidth_breakpoint\":\"l\",\"text_align_breakpoint\":\"m\",\"text_align_fallback\":\"center\",\"title_element\":\"div\",\"title_style\":\"h1\"}},{\"type\":\"text\",\"props\":{\"block_align\":\"center\",\"column_breakpoint\":\"xl\",\"content\":\"Pasiunea pentru noile tehnici \\u0219i materiale de construc\\u021bii se reflect\\u0103 \\u00een proiectele noastre. Folosim tehnologii de ultim\\u0103 genera\\u021bie pentru a ob\\u021bine rezultate superioare calitativ.\",\"margin\":\"\",\"margin_remove_top\":false,\"maxwidth\":\"xlarge\",\"maxwidth_breakpoint\":\"l\"}},{\"type\":\"button\",\"props\":{\"block_align\":\"center\",\"grid_column_gap\":\"small\",\"grid_row_gap\":\"small\",\"margin\":\"xlarge\",\"maxwidth\":\"xlarge\",\"maxwidth_breakpoint\":\"l\"},\"children\":[{\"type\":\"button_item\",\"props\":{\"button_style\":\"text\",\"content\":\"Vezi proiecte\",\"icon\":\"\",\"icon_align\":\"right\",\"link\":\"#proiecte\"}}]}]}]}]},{\"name\":\"Proiecte\",\"type\":\"section\",\"props\":{\"animation\":\"slide-bottom-small\",\"animation_delay\":false,\"id\":\"proiecte\",\"image_position\":\"center-center\",\"overlap\":false,\"padding_remove_top\":false,\"style\":\"muted\",\"title_breakpoint\":\"xl\",\"title_position\":\"top-left\",\"title_rotation\":\"left\",\"vertical_align\":\"middle\",\"width\":\"large\"},\"children\":[{\"type\":\"row\",\"props\":{\"margin\":\"small\"},\"children\":[{\"type\":\"column\",\"props\":{\"image_position\":\"center-center\",\"position_sticky_breakpoint\":\"m\",\"width_medium\":\"1-1\"},\"children\":[{\"type\":\"gallery\",\"props\":{\"content_display\":\"lightbox\",\"filter\":true,\"filter_align\":\"left\",\"filter_all\":true,\"filter_all_label\":\"Toate proiectele\",\"filter_grid_breakpoint\":\"m\",\"filter_grid_width\":\"auto\",\"filter_position\":\"top\",\"filter_reverse\":false,\"filter_style\":\"tab\",\"grid_default\":\"1\",\"grid_large\":\"4\",\"grid_masonry\":\"next\",\"grid_medium\":\"3\",\"grid_small\":\"2\",\"image_width\":\"630\",\"item_animation\":true,\"lightbox\":false,\"link_style\":\"default\",\"link_text\":\"\",\"margin\":\"default\",\"meta_align\":\"above-title\",\"meta_element\":\"div\",\"meta_style\":\"text-meta\",\"overlay_hover\":true,\"overlay_link\":true,\"overlay_mode\":\"cover\",\"overlay_position\":\"bottom-left\",\"overlay_style\":\"overlay-default\",\"overlay_transition\":\"slide-bottom-small\",\"parallax_easing\":\"1\",\"show_content\":true,\"show_hover_image\":true,\"show_link\":true,\"show_meta\":true,\"show_title\":true,\"text_align\":\"\",\"text_color\":\"light\",\"title_display\":\"lightbox\",\"title_element\":\"h2\",\"title_hover_style\":\"reset\",\"title_margin\":\"small\",\"title_style\":\"h5\"},\"children\":[{\"type\":\"gallery_item\",\"props\":{\"image\":\"wp-content\\\/uploads\\\/2024\\\/03\\\/9999.webp\",\"image_alt\":\"Reabilitare corp cl\\u0103dire internat Colegiul Tehnic \\\"Ioan Ciordas\\\" Beiu\\u0219\",\"link\":\"reabilitare-corp-cladire-internat-colegiul-tehnic-ioan-ciordas-beius\\\/\",\"meta\":\"Beiu\\u0219\",\"tags\":\"Industriale\",\"title\":\"Extindere re\\u021bea ap\\u0103 canal\"}},{\"type\":\"gallery_item\",\"props\":{\"image\":\"wp-content\\\/uploads\\\/2022\\\/12\\\/01-4.webp\",\"image_alt\":\"Extindere re\\u021bea ap\\u0103 canal Comuna S\\u00e2ntmartin\",\"link\":\"extindere-retea-apa-canal-comuna-santmartin\\\/\",\"meta\":\"Comuna S\\u00e2ntmartin\",\"tags\":\"Ap\\u0103 \\u0219i canalizare\",\"title\":\"Extindere re\\u021bea ap\\u0103 canal\"}},{\"type\":\"gallery_item\",\"props\":{\"image\":\"wp-content\\\/uploads\\\/2022\\\/12\\\/01-5.webp\",\"image_alt\":\"Re\\u021bea canalizare menajer\\u0103 subpresiune T\\u0103uteu\",\"link\":\"retea-canalizare-menajera-subpresiune-tauteu\\\/\",\"meta\":\"T\\u0103uteu\",\"tags\":\"Ap\\u0103 \\u0219i canalizare\",\"title\":\"Re\\u021bea canalizare menajer\\u0103 subpresiune\"}},{\"type\":\"gallery_item\",\"props\":{\"image\":\"wp-content\\\/uploads\\\/2022\\\/12\\\/01-6.webp\",\"image_alt\":\"Re\\u021bea alimentare cu ap\\u0103 Derna\",\"link\":\"retea-alimentare-cu-apa-derna\\\/\",\"meta\":\"Derna\",\"tags\":\"Ap\\u0103 \\u0219i canalizare\",\"title\":\"Re\\u021bea alimentare cu ap\\u0103\"}},{\"type\":\"gallery_item\",\"props\":{\"image\":\"wp-content\\\/uploads\\\/2022\\\/12\\\/04-1.webp\",\"image_alt\":\"Re\\u021bele termice exterioare, etapele 1-2, la Universitatea din Oradea\",\"link\":\"retele-termice-exterioare-etapele-1-2-la-universitatea-din-oradea\\\/\",\"meta\":\"Universitatea din Oradea\",\"tags\":\"Re\\u021bele termice\",\"title\":\"Re\\u021bele termice exterioare, etapele 1-2\"}},{\"type\":\"gallery_item\",\"props\":{\"image\":\"wp-content\\\/uploads\\\/2022\\\/12\\\/03-2.webp\",\"image_alt\":\"Construire corp V3 \\u00een cadrul proiectului Smart Campus, Universitatea din Oradea\",\"link\":\"construire-corp-v3-in-cadrul-proiectului-smart-campus-universitatea-din-oradea\\\/\",\"meta\":\"Universitatea din Oradea\",\"tags\":\"Industriale\",\"title\":\"Construire corp V3 \\u00een cadrul proiectului Smart Campus\"}},{\"type\":\"gallery_item\",\"props\":{\"image\":\"wp-content\\\/uploads\\\/2022\\\/12\\\/02-10.webp\",\"image_alt\":\"Construc\\u021bie capel\\u0103 comuna Spinu\\u0219 2021-2022\",\"link\":\"constructie-capela-comuna-spinus-2021-2022\\\/\",\"meta\":\"Comuna Spinu\\u0219\",\"tags\":\"Industriale\",\"title\":\"Construc\\u021bie capel\\u0103 2021-2022\"}},{\"type\":\"gallery_item\",\"props\":{\"image\":\"wp-content\\\/uploads\\\/2022\\\/12\\\/01-11.webp\",\"image_alt\":\"Reabilitare sediu Erba\\u0219u Construct Transilvania 2022\",\"link\":\"reabilitare-sediu-erbasu-construct-transilvania-2022\\\/\",\"meta\":\"Erba\\u0219u Construct Transilvania\",\"tags\":\"Industriale\",\"title\":\"Reabilitare sediu 2022\"}},{\"type\":\"gallery_item\",\"props\":{\"image\":\"wp-content\\\/uploads\\\/2022\\\/12\\\/01-12.webp\",\"image_alt\":\"Costructii agro industriale, modernizare \\u0219i reabilitare grajd comuna Ghiorac\",\"link\":\"costructii-agro-industriale-modernizare-si-reabilitare-grajd-comuna-ghiorac\\\/\",\"meta\":\"Comuna Ghiorac\",\"tags\":\"Industriale\",\"title\":\"Costructii agro industriale, modernizare \\u0219i reabilitare grajd\"}}]}]}]}]}],\"version\":\"4.3.4\"} --><\/p>\n","protected":false},"excerpt":{"rendered":"<p>Proiecte Expertiz\u0103, Pasiune &amp; Profesionalism. Pasiunea pentru noile tehnici \u0219i materiale de construc\u021bii se reflect\u0103 \u00een proiectele noastre. Folosim tehnologii de ultim\u0103 genera\u021bie pentru a ob\u021bine rezultate superioare calitativ. Vezi proiecte Extindere re\u021bea ap\u0103 canal Beiu\u0219 Extindere re\u021bea ap\u0103 canal Comuna S\u00e2ntmartin Re\u021bea canalizare menajer\u0103 subpresiune T\u0103uteu Re\u021bea alimentare cu ap\u0103 Derna Re\u021bele termice exterioare, [&hellip;]<\/p>\n","protected":false},"author":1,"featured_media":0,"parent":0,"menu_order":6,"comment_status":"open","ping_status":"closed","template":"","meta":{"_acf_changed":false,"footnotes":""},"class_list":["post-2","page","type-page","status-publish","hentry"],"acf":[],"aioseo_notices":[],"aioseo_head":"\n\t\t<!-- All in One SEO Pro 4.9.6.2 - aioseo.com -->\n\t<meta name=\"description\" content=\"Proiecte Expertiz\u0103, Pasiune &amp; Profesionalism. Pasiunea pentru noile tehnici \u0219i materiale de construc\u021bii se reflect\u0103 \u00een proiectele noastre. Folosim tehnologii de ultim\u0103 genera\u021bie pentru a ob\u021bine rezultate superioare calitativ. Vezi proiecte Extindere re\u021bea ap\u0103 canal Beiu\u0219 Extindere re\u021bea ap\u0103 canal Comuna S\u00e2ntmartin Re\u021bea canalizare menajer\u0103 subpresiune T\u0103uteu Re\u021bea alimentare cu ap\u0103 Derna Re\u021bele termice exterioare,\" \/>\n\t<meta name=\"robots\" content=\"max-image-preview:large\" \/>\n\t<link rel=\"canonical\" href=\"https:\/\/flachim.ro\/hu\/proiecte\/\" \/>\n\t<meta name=\"generator\" content=\"All in One SEO Pro (AIOSEO) 4.9.6.2\" \/>\n\t\t<meta property=\"og:locale\" content=\"hu_HU\" \/>\n\t\t<meta property=\"og:site_name\" content=\"Flachim.ro - Construc\u021bii industriale, edilitare \u0219i reziden\u021biale.\" \/>\n\t\t<meta property=\"og:type\" content=\"article\" \/>\n\t\t<meta property=\"og:title\" content=\"Proiecte - Flachim.ro\" \/>\n\t\t<meta property=\"og:description\" content=\"Proiecte Expertiz\u0103, Pasiune &amp; Profesionalism. Pasiunea pentru noile tehnici \u0219i materiale de construc\u021bii se reflect\u0103 \u00een proiectele noastre. Folosim tehnologii de ultim\u0103 genera\u021bie pentru a ob\u021bine rezultate superioare calitativ. Vezi proiecte Extindere re\u021bea ap\u0103 canal Beiu\u0219 Extindere re\u021bea ap\u0103 canal Comuna S\u00e2ntmartin Re\u021bea canalizare menajer\u0103 subpresiune T\u0103uteu Re\u021bea alimentare cu ap\u0103 Derna Re\u021bele termice exterioare,\" \/>\n\t\t<meta property=\"og:url\" content=\"https:\/\/flachim.ro\/hu\/proiecte\/\" \/>\n\t\t<meta property=\"og:image\" content=\"https:\/\/flachim.ro\/wp-content\/uploads\/2022\/12\/999.svg\" \/>\n\t\t<meta property=\"og:image:secure_url\" content=\"https:\/\/flachim.ro\/wp-content\/uploads\/2022\/12\/999.svg\" \/>\n\t\t<meta property=\"og:image:width\" content=\"200\" \/>\n\t\t<meta property=\"og:image:height\" content=\"97\" \/>\n\t\t<meta property=\"article:published_time\" content=\"2019-09-04T14:57:03+00:00\" \/>\n\t\t<meta property=\"article:modified_time\" content=\"2024-03-07T14:40:03+00:00\" \/>\n\t\t<meta name=\"twitter:card\" content=\"summary_large_image\" \/>\n\t\t<meta name=\"twitter:title\" content=\"Proiecte - Flachim.ro\" \/>\n\t\t<meta name=\"twitter:description\" content=\"Proiecte Expertiz\u0103, Pasiune &amp; Profesionalism. Pasiunea pentru noile tehnici \u0219i materiale de construc\u021bii se reflect\u0103 \u00een proiectele noastre. Folosim tehnologii de ultim\u0103 genera\u021bie pentru a ob\u021bine rezultate superioare calitativ. Vezi proiecte Extindere re\u021bea ap\u0103 canal Beiu\u0219 Extindere re\u021bea ap\u0103 canal Comuna S\u00e2ntmartin Re\u021bea canalizare menajer\u0103 subpresiune T\u0103uteu Re\u021bea alimentare cu ap\u0103 Derna Re\u021bele termice exterioare,\" \/>\n\t\t<meta name=\"twitter:image\" content=\"https:\/\/flachim.ro\/wp-content\/uploads\/2022\/12\/999.svg\" \/>\n\t\t<script type=\"application\/ld+json\" class=\"aioseo-schema\">\n\t\t\t{\"@context\":\"https:\\\/\\\/schema.org\",\"@graph\":[{\"@type\":\"BreadcrumbList\",\"@id\":\"https:\\\/\\\/flachim.ro\\\/hu\\\/proiecte\\\/#breadcrumblist\",\"itemListElement\":[{\"@type\":\"ListItem\",\"@id\":\"https:\\\/\\\/flachim.ro\\\/hu#listItem\",\"position\":1,\"name\":\"Home\",\"item\":\"https:\\\/\\\/flachim.ro\\\/hu\",\"nextItem\":{\"@type\":\"ListItem\",\"@id\":\"https:\\\/\\\/flachim.ro\\\/hu\\\/proiecte\\\/#listItem\",\"name\":\"Proiecte\"}},{\"@type\":\"ListItem\",\"@id\":\"https:\\\/\\\/flachim.ro\\\/hu\\\/proiecte\\\/#listItem\",\"position\":2,\"name\":\"Proiecte\",\"previousItem\":{\"@type\":\"ListItem\",\"@id\":\"https:\\\/\\\/flachim.ro\\\/hu#listItem\",\"name\":\"Home\"}}]},{\"@type\":\"Organization\",\"@id\":\"https:\\\/\\\/flachim.ro\\\/hu\\\/#organization\",\"name\":\"Flachim.ro\",\"description\":\"Construc\\u021bii industriale, edilitare \\u0219i reziden\\u021biale.\",\"url\":\"https:\\\/\\\/flachim.ro\\\/hu\\\/\",\"email\":\"contact@flachim.ro\",\"telephone\":\"+40745051509\",\"logo\":{\"@type\":\"ImageObject\",\"url\":\"https:\\\/\\\/flachim.ro\\\/wp-content\\\/uploads\\\/2022\\\/12\\\/999.svg\",\"@id\":\"https:\\\/\\\/flachim.ro\\\/hu\\\/proiecte\\\/#organizationLogo\",\"width\":200,\"height\":97,\"caption\":\"Logo Flachim.ro\"},\"image\":{\"@id\":\"https:\\\/\\\/flachim.ro\\\/hu\\\/proiecte\\\/#organizationLogo\"},\"address\":{\"@id\":\"https:\\\/\\\/flachim.ro\\\/hu\\\/#postaladdress\",\"@type\":\"PostalAddress\",\"streetAddress\":\"Nr. 96,\",\"addressLocality\":\"Ortiteag\",\"addressRegion\":\"Bihor\",\"addressCountry\":\"RO\"},\"taxID\":\"J05\\\/341\\\/2003\",\"vatID\":\"15305518\"},{\"@type\":\"WebPage\",\"@id\":\"https:\\\/\\\/flachim.ro\\\/hu\\\/proiecte\\\/#webpage\",\"url\":\"https:\\\/\\\/flachim.ro\\\/hu\\\/proiecte\\\/\",\"name\":\"Proiecte - Flachim.ro\",\"description\":\"Proiecte Expertiz\\u0103, Pasiune & Profesionalism. Pasiunea pentru noile tehnici \\u0219i materiale de construc\\u021bii se reflect\\u0103 \\u00een proiectele noastre. Folosim tehnologii de ultim\\u0103 genera\\u021bie pentru a ob\\u021bine rezultate superioare calitativ. Vezi proiecte Extindere re\\u021bea ap\\u0103 canal Beiu\\u0219 Extindere re\\u021bea ap\\u0103 canal Comuna S\\u00e2ntmartin Re\\u021bea canalizare menajer\\u0103 subpresiune T\\u0103uteu Re\\u021bea alimentare cu ap\\u0103 Derna Re\\u021bele termice exterioare,\",\"inLanguage\":\"hu-HU\",\"isPartOf\":{\"@id\":\"https:\\\/\\\/flachim.ro\\\/hu\\\/#website\"},\"breadcrumb\":{\"@id\":\"https:\\\/\\\/flachim.ro\\\/hu\\\/proiecte\\\/#breadcrumblist\"},\"datePublished\":\"2019-09-04T14:57:03+00:00\",\"dateModified\":\"2024-03-07T14:40:03+00:00\"},{\"@type\":\"WebSite\",\"@id\":\"https:\\\/\\\/flachim.ro\\\/hu\\\/#website\",\"url\":\"https:\\\/\\\/flachim.ro\\\/hu\\\/\",\"name\":\"Flachim.ro\",\"description\":\"Construc\\u021bii industriale, edilitare \\u0219i reziden\\u021biale.\",\"inLanguage\":\"hu-HU\",\"publisher\":{\"@id\":\"https:\\\/\\\/flachim.ro\\\/hu\\\/#organization\"}}]}\n\t\t<\/script>\n\t\t<!-- All in One SEO Pro -->\r\n\t\t<title>Proiecte - Flachim.ro<\/title>\n\n","aioseo_head_json":{"title":"Projektjeink - Flachim.ro","description":"Proiecte Expertiz\u0103, Pasiune & Profesionalism. Pasiunea pentru noile tehnici \u0219i materiale de construc\u021bii se reflect\u0103 \u00een proiectele noastre. Folosim tehnologii de ultim\u0103 genera\u021bie pentru a ob\u021bine rezultate superioare calitativ. Vezi proiecte Extindere re\u021bea ap\u0103 canal Beiu\u0219 Extindere re\u021bea ap\u0103 canal Comuna S\u00e2ntmartin Re\u021bea canalizare menajer\u0103 subpresiune T\u0103uteu Re\u021bea alimentare cu ap\u0103 Derna Re\u021bele termice exterioare,","canonical_url":"https:\/\/flachim.ro\/hu\/proiecte\/","robots":"max-image-preview:large","keywords":"","webmasterTools":{"miscellaneous":""},"schema":{"@context":"https:\/\/schema.org","@graph":[{"@type":"BreadcrumbList","@id":"https:\/\/flachim.ro\/hu\/proiecte\/#breadcrumblist","itemListElement":[{"@type":"ListItem","@id":"https:\/\/flachim.ro\/hu#listItem","position":1,"name":"Home","item":"https:\/\/flachim.ro\/hu","nextItem":{"@type":"ListItem","@id":"https:\/\/flachim.ro\/hu\/proiecte\/#listItem","name":"Proiecte"}},{"@type":"ListItem","@id":"https:\/\/flachim.ro\/hu\/proiecte\/#listItem","position":2,"name":"Proiecte","previousItem":{"@type":"ListItem","@id":"https:\/\/flachim.ro\/hu#listItem","name":"Home"}}]},{"@type":"Organization","@id":"https:\/\/flachim.ro\/hu\/#organization","name":"Flachim.ro","description":"Construc\u021bii industriale, edilitare \u0219i reziden\u021biale.","url":"https:\/\/flachim.ro\/hu\/","email":"contact@flachim.ro","telephone":"+40745051509","logo":{"@type":"ImageObject","url":"https:\/\/flachim.ro\/wp-content\/uploads\/2022\/12\/999.svg","@id":"https:\/\/flachim.ro\/hu\/proiecte\/#organizationLogo","width":200,"height":97,"caption":"Logo Flachim.ro"},"image":{"@id":"https:\/\/flachim.ro\/hu\/proiecte\/#organizationLogo"},"address":{"@id":"https:\/\/flachim.ro\/hu\/#postaladdress","@type":"PostalAddress","streetAddress":"Nr. 96,","addressLocality":"Ortiteag","addressRegion":"Bihor","addressCountry":"RO"},"taxID":"J05\/341\/2003","vatID":"15305518"},{"@type":"WebPage","@id":"https:\/\/flachim.ro\/hu\/proiecte\/#webpage","url":"https:\/\/flachim.ro\/hu\/proiecte\/","name":"Proiecte - Flachim.ro","description":"Proiecte Expertiz\u0103, Pasiune & Profesionalism. Pasiunea pentru noile tehnici \u0219i materiale de construc\u021bii se reflect\u0103 \u00een proiectele noastre. Folosim tehnologii de ultim\u0103 genera\u021bie pentru a ob\u021bine rezultate superioare calitativ. Vezi proiecte Extindere re\u021bea ap\u0103 canal Beiu\u0219 Extindere re\u021bea ap\u0103 canal Comuna S\u00e2ntmartin Re\u021bea canalizare menajer\u0103 subpresiune T\u0103uteu Re\u021bea alimentare cu ap\u0103 Derna Re\u021bele termice exterioare,","inLanguage":"hu-HU","isPartOf":{"@id":"https:\/\/flachim.ro\/hu\/#website"},"breadcrumb":{"@id":"https:\/\/flachim.ro\/hu\/proiecte\/#breadcrumblist"},"datePublished":"2019-09-04T14:57:03+00:00","dateModified":"2024-03-07T14:40:03+00:00"},{"@type":"WebSite","@id":"https:\/\/flachim.ro\/hu\/#website","url":"https:\/\/flachim.ro\/hu\/","name":"Flachim.ro","description":"Construc\u021bii industriale, edilitare \u0219i reziden\u021biale.","inLanguage":"hu-HU","publisher":{"@id":"https:\/\/flachim.ro\/hu\/#organization"}}]},"og:locale":"hu_HU","og:site_name":"Flachim.ro - Construc\u021bii industriale, edilitare \u0219i reziden\u021biale.","og:type":"article","og:title":"Proiecte - Flachim.ro","og:description":"Proiecte Expertiz\u0103, Pasiune &amp; Profesionalism. Pasiunea pentru noile tehnici \u0219i materiale de construc\u021bii se reflect\u0103 \u00een proiectele noastre. Folosim tehnologii de ultim\u0103 genera\u021bie pentru a ob\u021bine rezultate superioare calitativ. Vezi proiecte Extindere re\u021bea ap\u0103 canal Beiu\u0219 Extindere re\u021bea ap\u0103 canal Comuna S\u00e2ntmartin Re\u021bea canalizare menajer\u0103 subpresiune T\u0103uteu Re\u021bea alimentare cu ap\u0103 Derna Re\u021bele termice exterioare,","og:url":"https:\/\/flachim.ro\/hu\/proiecte\/","og:image":"https:\/\/flachim.ro\/wp-content\/uploads\/2022\/12\/999.svg","og:image:secure_url":"https:\/\/flachim.ro\/wp-content\/uploads\/2022\/12\/999.svg","og:image:width":200,"og:image:height":97,"article:published_time":"2019-09-04T14:57:03+00:00","article:modified_time":"2024-03-07T14:40:03+00:00","twitter:card":"summary_large_image","twitter:title":"Proiecte - Flachim.ro","twitter:description":"Proiecte Expertiz\u0103, Pasiune &amp; Profesionalism. Pasiunea pentru noile tehnici \u0219i materiale de construc\u021bii se reflect\u0103 \u00een proiectele noastre. Folosim tehnologii de ultim\u0103 genera\u021bie pentru a ob\u021bine rezultate superioare calitativ. Vezi proiecte Extindere re\u021bea ap\u0103 canal Beiu\u0219 Extindere re\u021bea ap\u0103 canal Comuna S\u00e2ntmartin Re\u021bea canalizare menajer\u0103 subpresiune T\u0103uteu Re\u021bea alimentare cu ap\u0103 Derna Re\u021bele termice exterioare,","twitter:image":"https:\/\/flachim.ro\/wp-content\/uploads\/2022\/12\/999.svg"},"aioseo_meta_data":{"post_id":"2","title":null,"description":null,"keywords":null,"keyphrases":null,"primary_term":null,"canonical_url":null,"og_title":null,"og_description":null,"og_object_type":"default","og_image_type":"default","og_image_url":null,"og_image_width":null,"og_image_height":null,"og_image_custom_url":null,"og_image_custom_fields":null,"og_video":null,"og_custom_url":null,"og_article_section":null,"og_article_tags":null,"twitter_use_og":false,"twitter_card":"default","twitter_image_type":"default","twitter_image_url":null,"twitter_image_custom_url":null,"twitter_image_custom_fields":null,"twitter_title":null,"twitter_description":null,"schema":{"blockGraphs":[],"customGraphs":[],"default":{"data":{"Article":[],"Course":[],"Dataset":[],"FAQPage":[],"Movie":[],"Person":[],"Product":[],"ProductReview":[],"Car":[],"Recipe":[],"Service":[],"SoftwareApplication":[],"WebPage":[]},"graphName":"","isEnabled":true},"graphs":[]},"schema_type":"default","schema_type_options":null,"pillar_content":false,"robots_default":true,"robots_noindex":false,"robots_noarchive":false,"robots_nosnippet":false,"robots_nofollow":false,"robots_noimageindex":false,"robots_noodp":false,"robots_notranslate":false,"robots_max_snippet":null,"robots_max_videopreview":null,"robots_max_imagepreview":"large","priority":null,"frequency":null,"local_seo":null,"seo_analyzer_scan_date":"2025-08-15 07:12:06","breadcrumb_settings":null,"limit_modified_date":false,"open_ai":null,"ai":null,"created":"2022-12-15 10:34:45","updated":"2025-10-22 03:32:50"},"aioseo_breadcrumb":"<div class=\"aioseo-breadcrumbs\"><span class=\"aioseo-breadcrumb\">\n\t<a href=\"https:\/\/flachim.ro\/hu\" title=\"Home\">Home<\/a>\n<\/span><span class=\"aioseo-breadcrumb-separator\">&raquo;<\/span><span class=\"aioseo-breadcrumb\">\n\tProiecte\n<\/span><\/div>","aioseo_breadcrumb_json":[{"label":"Home","link":"https:\/\/flachim.ro\/hu"},{"label":"Proiecte","link":"https:\/\/flachim.ro\/hu\/proiecte\/"}],"_links":{"self":[{"href":"https:\/\/flachim.ro\/hu\/wp-json\/wp\/v2\/pages\/2","targetHints":{"allow":["GET"]}}],"collection":[{"href":"https:\/\/flachim.ro\/hu\/wp-json\/wp\/v2\/pages"}],"about":[{"href":"https:\/\/flachim.ro\/hu\/wp-json\/wp\/v2\/types\/page"}],"author":[{"embeddable":true,"href":"https:\/\/flachim.ro\/hu\/wp-json\/wp\/v2\/users\/1"}],"replies":[{"embeddable":true,"href":"https:\/\/flachim.ro\/hu\/wp-json\/wp\/v2\/comments?post=2"}],"version-history":[{"count":98,"href":"https:\/\/flachim.ro\/hu\/wp-json\/wp\/v2\/pages\/2\/revisions"}],"predecessor-version":[{"id":1976,"href":"https:\/\/flachim.ro\/hu\/wp-json\/wp\/v2\/pages\/2\/revisions\/1976"}],"wp:attachment":[{"href":"https:\/\/flachim.ro\/hu\/wp-json\/wp\/v2\/media?parent=2"}],"curies":[{"name":"wp","href":"https:\/\/api.w.org\/{rel}","templated":true}]}}