{"id":1535,"date":"2022-12-05T18:17:04","date_gmt":"2022-12-05T18:17:04","guid":{"rendered":"https:\/\/flachim.ro\/?page_id=1535"},"modified":"2022-12-05T18:25:37","modified_gmt":"2022-12-05T18:25:37","slug":"termeni-si-conditii","status":"publish","type":"page","link":"https:\/\/flachim.ro\/hu\/termeni-si-conditii\/","title":{"rendered":"Felhaszn\u00e1l\u00e1si felt\u00e9telek"},"content":{"rendered":"<h3>Termeni \u0219i condi\u021bii<\/h3>\n<div>\n<p>SC Flachim Construct SRLt prin intermediul site-ului www.flachim.ro pune la dispozi\u021bie informa\u021bii \u00een scop informativ general, \u0219i nu garanteaz\u0103 de exactitatea lor la un moment dat, de\u0219i se lucreaz\u0103 constant la actualizarea lor. Pute\u021bi desc\u0103rca con\u021binutul, \u00eens\u0103 doar pentru folosul personal \u0219i ne-comercial \u0219i cu condi\u021bia de a v\u0103 conforma cu informa\u021biile referitoare la drepturile de proprietate intelectual\u0103 cuprinse \u00een con\u021binut.<\/p>\n<p>Este interzis\u0103 modificarea, copierea, reproducerea, desc\u0103rcarea, transmiterea sau distribuirea acestui con\u021binut \u00een orice modalitate cu excep\u021bia cazurilor permise de condi\u021biile de utilizare sau cu consim\u021b\u0103m\u00e2ntul expres \u0219i prealabil al proprietarului acestui con\u021binut.<\/p>\n<h3>1. Condi\u021bii generale<\/h3>\n<p>Site-ul www.flachim.ro este proprietatea SC Flachim Construct SRL. Accesarea \u0219i utilizarea site-ului www.flachim.ro presupune acceptarea de c\u0103tre dumneavoastr\u0103 a termenilor \u0219i condi\u021biilor men\u021bionate mai jos. Pentru evitarea oric\u0103ror ne\u00een\u021belegeri, v\u0103 recomand\u0103m citirea acestora \u00eenainte de utilizarea site-ului.<\/p>\n<h3>2. Proprietate intelectual\u0103<\/h3>\n<p>Con\u021binutul acestui site incluz\u00e2nd designul, textul, logoul, grafic\u0103, structura \u0219i alte materiale ale site-ului sunt protejate de Legea 8\/1996 privind dreptul de autor \u0219i drepturile conexe, cu modific\u0103rile \u0219i complet\u0103rile ulterioare.<\/p>\n<h3>3. Limitarea responsabilit\u0103\u021bii firmei<\/h3>\n<p>SC Flachim Construct SRL nu poate fi f\u0103cut r\u0103spunz\u0103tor \u00een nici un fel de pierderile sau daunele pe care cineva le-ar putea suferi ca urmare a folosirii \u00een vreun fel a informa\u021biilor prezentate pe site-ul web: www.flachim.ro. Accesarea \u0219i folosirea site-ului este responsabilitatea exclusiv\u0103 a utilizatorului.<\/p>\n<h3>4. Protec\u021bia datelor cu caracter personal<\/h3>\n<p>Conform cerin\u021belor Regulamentului UE 2016\/679 \u0219i a Legii nr. 677\/2001 cu privire la prelucrarea datelor cu caracter personal, SC Flachim Construct SRL are obliga\u021bia de a administra \u00een condi\u021bii de siguran\u021b\u0103 datele personale pe care ni le furniza\u021bi.<\/p>\n<h3>5. Dispozi\u021bii finale<\/h3>\n<p>Ne rezerv\u0103m dreptul de a face orice modific\u0103ri ale acestor Termeni \u0219i Condi\u021bii, precum \u0219i orice modific\u0103ri asupra site-ului, f\u0103r\u0103 a fi necesar\u0103 vreo notificare prealabil\u0103 a utilizatorilor. Vizitarea periodic\u0103 a acestei pagini v\u0103 ofer\u0103 posibilitatea de a lua la cuno\u0219tin\u021b\u0103 de orice modificare survenit\u0103 cu privire la ace\u0219ti termeni \u0219i condi\u021bii.<\/p>\n<\/div>\n<p><!--more--><br \/>\n<!-- {\"type\":\"layout\",\"children\":[{\"type\":\"section\",\"props\":{\"image_position\":\"center-center\",\"padding\":\"small\",\"style\":\"muted\",\"title_breakpoint\":\"xl\",\"title_position\":\"top-left\",\"title_rotation\":\"left\",\"vertical_align\":\"middle\",\"width\":\"default\"},\"children\":[{\"type\":\"row\",\"children\":[{\"type\":\"column\",\"props\":{\"image_position\":\"center-center\",\"media_overlay_gradient\":\"\",\"position_sticky_breakpoint\":\"m\"},\"children\":[{\"name\":\"\",\"type\":\"headline\",\"children\":null,\"props\":{\"block_align\":\"center\",\"content\":\"Termeni \\u0219i condi\\u021bii\",\"margin\":\"default\",\"margin_remove_bottom\":true,\"maxwidth\":\"xlarge\",\"text_align\":\"center\",\"title_color\":\"primary\",\"title_decoration\":\"bullet\",\"title_element\":\"h3\",\"title_font_family\":\"primary\",\"title_style\":\"h1\"}}]}]}]},{\"type\":\"section\",\"props\":{\"animation\":\"slide-bottom-medium\",\"animation_delay\":\"200\",\"image_position\":\"center-center\",\"style\":\"default\",\"title_breakpoint\":\"xl\",\"title_position\":\"top-left\",\"title_rotation\":\"left\",\"vertical_align\":\"middle\",\"width\":\"large\"},\"children\":[{\"type\":\"row\",\"children\":[{\"type\":\"column\",\"props\":{\"image_position\":\"center-center\",\"media_overlay_gradient\":\"\",\"position_sticky_breakpoint\":\"m\"},\"children\":[{\"type\":\"text\",\"props\":{\"column\":\"1-2\",\"column_breakpoint\":\"m\",\"content\":\"\n\n<p>SC Flachim Construct SRLt prin intermediul site-ului www.flachim.ro pune la dispozi\\u021bie informa\\u021bii \\u00een scop informativ general, \\u0219i nu garanteaz\\u0103 de exactitatea lor la un moment dat, de\\u0219i se lucreaz\\u0103 constant la actualizarea lor. Pute\\u021bi desc\\u0103rca con\\u021binutul, \\u00eens\\u0103 doar pentru folosul personal \\u0219i ne-comercial \\u0219i cu condi\\u021bia de a v\\u0103 conforma cu informa\\u021biile referitoare la drepturile de proprietate intelectual\\u0103 cuprinse \\u00een con\\u021binut.<\\\/p>\\n\n\n<p>Este interzis\\u0103 modificarea, copierea, reproducerea, desc\\u0103rcarea, transmiterea sau distribuirea acestui con\\u021binut \\u00een orice modalitate cu excep\\u021bia cazurilor permise de condi\\u021biile de utilizare sau cu consim\\u021b\\u0103m\\u00e2ntul expres \\u0219i prealabil al proprietarului acestui con\\u021binut.<\\\/p>\\n\n\n<h3>1. Condi\\u021bii generale<\\\/h3>\\n\n\n<p>Site-ul www.flachim.ro este proprietatea SC Flachim Construct SRL. Accesarea \\u0219i utilizarea site-ului www.flachim.ro presupune acceptarea de c\\u0103tre dumneavoastr\\u0103 a termenilor \\u0219i condi\\u021biilor men\\u021bionate mai jos. Pentru evitarea oric\\u0103ror ne\\u00een\\u021belegeri, v\\u0103 recomand\\u0103m citirea acestora \\u00eenainte de utilizarea site-ului.<\\\/p>\\n\n\n<h3>2. Proprietate intelectual\\u0103<\\\/h3>\\n\n\n<p>Con\\u021binutul acestui site incluz\\u00e2nd designul, textul, logoul, grafic\\u0103, structura \\u0219i alte materiale ale site-ului sunt protejate de Legea 8\\\/1996 privind dreptul de autor \\u0219i drepturile conexe, cu modific\\u0103rile \\u0219i complet\\u0103rile ulterioare.<\\\/p>\\n\n\n<h3>3. Limitarea responsabilit\\u0103\\u021bii firmei<\\\/h3>\\n\n\n<p>SC Flachim Construct SRL nu poate fi f\\u0103cut r\\u0103spunz\\u0103tor \\u00een nici un fel de pierderile sau daunele pe care cineva le-ar putea suferi ca urmare a folosirii \\u00een vreun fel a informa\\u021biilor prezentate pe site-ul web: www.flachim.ro. Accesarea \\u0219i folosirea site-ului este responsabilitatea exclusiv\\u0103 a utilizatorului.<\\\/p>\\n\n\n<h3>4. Protec\\u021bia datelor cu caracter personal<\\\/h3>\\n\n\n<p>Conform cerin\\u021belor Regulamentului UE 2016\\\/679 \\u0219i a Legii nr. 677\\\/2001 cu privire la prelucrarea datelor cu caracter personal, SC Flachim Construct SRL are obliga\\u021bia de a administra \\u00een condi\\u021bii de siguran\\u021b\\u0103 datele personale pe care ni le furniza\\u021bi.<\\\/p>\\n\n\n<h3>5. Dispozi\\u021bii finale<\\\/h3>\\n\n\n<p>Ne rezerv\\u0103m dreptul de a face orice modific\\u0103ri ale acestor Termeni \\u0219i Condi\\u021bii, precum \\u0219i orice modific\\u0103ri asupra site-ului, f\\u0103r\\u0103 a fi necesar\\u0103 vreo notificare prealabil\\u0103 a utilizatorilor. Vizitarea periodic\\u0103 a acestei pagini v\\u0103 ofer\\u0103 posibilitatea de a lua la cuno\\u0219tin\\u021b\\u0103 de orice modificare survenit\\u0103 cu privire la ace\\u0219ti termeni \\u0219i condi\\u021bii.<\\\/p>\\n\",\"margin\":\"medium\"}}]}]}]}],\"version\":\"3.0.14\"} --><\/p>\n","protected":false},"excerpt":{"rendered":"<p>Termeni \u0219i condi\u021bii SC Flachim Construct SRLt prin intermediul site-ului www.flachim.ro pune la dispozi\u021bie informa\u021bii \u00een scop informativ general, \u0219i nu garanteaz\u0103 de exactitatea lor la un moment dat, de\u0219i se lucreaz\u0103 constant la actualizarea lor. Pute\u021bi desc\u0103rca con\u021binutul, \u00eens\u0103 doar pentru folosul personal \u0219i ne-comercial \u0219i cu condi\u021bia de a v\u0103 conforma cu informa\u021biile [&hellip;]<\/p>\n","protected":false},"author":1,"featured_media":0,"parent":0,"menu_order":0,"comment_status":"closed","ping_status":"closed","template":"","meta":{"_acf_changed":false,"footnotes":""},"class_list":["post-1535","page","type-page","status-publish","hentry"],"acf":[],"aioseo_notices":[],"aioseo_head":"\n\t\t<!-- All in One SEO Pro 4.9.6.2 - aioseo.com -->\n\t<meta name=\"description\" content=\"Termeni \u0219i condi\u021bii SC Flachim Construct SRLt prin intermediul site-ului www.flachim.ro pune la dispozi\u021bie informa\u021bii \u00een scop informativ general, \u0219i nu garanteaz\u0103 de exactitatea lor la un moment dat, de\u0219i se lucreaz\u0103 constant la actualizarea lor. Pute\u021bi desc\u0103rca con\u021binutul, \u00eens\u0103 doar pentru folosul personal \u0219i ne-comercial \u0219i cu condi\u021bia de a v\u0103 conforma cu informa\u021biile\" \/>\n\t<meta name=\"robots\" content=\"max-image-preview:large\" \/>\n\t<link rel=\"canonical\" href=\"https:\/\/flachim.ro\/hu\/termeni-si-conditii\/\" \/>\n\t<meta name=\"generator\" content=\"All in One SEO Pro (AIOSEO) 4.9.6.2\" \/>\n\t\t<meta property=\"og:locale\" content=\"hu_HU\" \/>\n\t\t<meta property=\"og:site_name\" content=\"Flachim.ro - Construc\u021bii industriale, edilitare \u0219i reziden\u021biale.\" \/>\n\t\t<meta property=\"og:type\" content=\"article\" \/>\n\t\t<meta property=\"og:title\" content=\"Termeni \u0219i condi\u021bii - Flachim.ro\" \/>\n\t\t<meta property=\"og:description\" content=\"Termeni \u0219i condi\u021bii SC Flachim Construct SRLt prin intermediul site-ului www.flachim.ro pune la dispozi\u021bie informa\u021bii \u00een scop informativ general, \u0219i nu garanteaz\u0103 de exactitatea lor la un moment dat, de\u0219i se lucreaz\u0103 constant la actualizarea lor. Pute\u021bi desc\u0103rca con\u021binutul, \u00eens\u0103 doar pentru folosul personal \u0219i ne-comercial \u0219i cu condi\u021bia de a v\u0103 conforma cu informa\u021biile\" \/>\n\t\t<meta property=\"og:url\" content=\"https:\/\/flachim.ro\/hu\/termeni-si-conditii\/\" \/>\n\t\t<meta property=\"og:image\" content=\"https:\/\/flachim.ro\/wp-content\/uploads\/2022\/12\/999.svg\" \/>\n\t\t<meta property=\"og:image:secure_url\" content=\"https:\/\/flachim.ro\/wp-content\/uploads\/2022\/12\/999.svg\" \/>\n\t\t<meta property=\"og:image:width\" content=\"200\" \/>\n\t\t<meta property=\"og:image:height\" content=\"97\" \/>\n\t\t<meta property=\"article:published_time\" content=\"2022-12-05T18:17:04+00:00\" \/>\n\t\t<meta property=\"article:modified_time\" content=\"2022-12-05T18:25:37+00:00\" \/>\n\t\t<meta name=\"twitter:card\" content=\"summary_large_image\" \/>\n\t\t<meta name=\"twitter:title\" content=\"Termeni \u0219i condi\u021bii - Flachim.ro\" \/>\n\t\t<meta name=\"twitter:description\" content=\"Termeni \u0219i condi\u021bii SC Flachim Construct SRLt prin intermediul site-ului www.flachim.ro pune la dispozi\u021bie informa\u021bii \u00een scop informativ general, \u0219i nu garanteaz\u0103 de exactitatea lor la un moment dat, de\u0219i se lucreaz\u0103 constant la actualizarea lor. Pute\u021bi desc\u0103rca con\u021binutul, \u00eens\u0103 doar pentru folosul personal \u0219i ne-comercial \u0219i cu condi\u021bia de a v\u0103 conforma cu informa\u021biile\" \/>\n\t\t<meta name=\"twitter:image\" content=\"https:\/\/flachim.ro\/wp-content\/uploads\/2022\/12\/999.svg\" \/>\n\t\t<script type=\"application\/ld+json\" class=\"aioseo-schema\">\n\t\t\t{\"@context\":\"https:\\\/\\\/schema.org\",\"@graph\":[{\"@type\":\"BreadcrumbList\",\"@id\":\"https:\\\/\\\/flachim.ro\\\/hu\\\/termeni-si-conditii\\\/#breadcrumblist\",\"itemListElement\":[{\"@type\":\"ListItem\",\"@id\":\"https:\\\/\\\/flachim.ro\\\/hu#listItem\",\"position\":1,\"name\":\"Home\",\"item\":\"https:\\\/\\\/flachim.ro\\\/hu\",\"nextItem\":{\"@type\":\"ListItem\",\"@id\":\"https:\\\/\\\/flachim.ro\\\/hu\\\/termeni-si-conditii\\\/#listItem\",\"name\":\"Termeni \\u0219i condi\\u021bii\"}},{\"@type\":\"ListItem\",\"@id\":\"https:\\\/\\\/flachim.ro\\\/hu\\\/termeni-si-conditii\\\/#listItem\",\"position\":2,\"name\":\"Termeni \\u0219i condi\\u021bii\",\"previousItem\":{\"@type\":\"ListItem\",\"@id\":\"https:\\\/\\\/flachim.ro\\\/hu#listItem\",\"name\":\"Home\"}}]},{\"@type\":\"Organization\",\"@id\":\"https:\\\/\\\/flachim.ro\\\/hu\\\/#organization\",\"name\":\"Flachim.ro\",\"description\":\"Construc\\u021bii industriale, edilitare \\u0219i reziden\\u021biale.\",\"url\":\"https:\\\/\\\/flachim.ro\\\/hu\\\/\",\"email\":\"contact@flachim.ro\",\"telephone\":\"+40745051509\",\"logo\":{\"@type\":\"ImageObject\",\"url\":\"https:\\\/\\\/flachim.ro\\\/wp-content\\\/uploads\\\/2022\\\/12\\\/999.svg\",\"@id\":\"https:\\\/\\\/flachim.ro\\\/hu\\\/termeni-si-conditii\\\/#organizationLogo\",\"width\":200,\"height\":97,\"caption\":\"Logo Flachim.ro\"},\"image\":{\"@id\":\"https:\\\/\\\/flachim.ro\\\/hu\\\/termeni-si-conditii\\\/#organizationLogo\"},\"address\":{\"@id\":\"https:\\\/\\\/flachim.ro\\\/hu\\\/#postaladdress\",\"@type\":\"PostalAddress\",\"streetAddress\":\"Nr. 96,\",\"addressLocality\":\"Ortiteag\",\"addressRegion\":\"Bihor\",\"addressCountry\":\"RO\"},\"taxID\":\"J05\\\/341\\\/2003\",\"vatID\":\"15305518\"},{\"@type\":\"WebPage\",\"@id\":\"https:\\\/\\\/flachim.ro\\\/hu\\\/termeni-si-conditii\\\/#webpage\",\"url\":\"https:\\\/\\\/flachim.ro\\\/hu\\\/termeni-si-conditii\\\/\",\"name\":\"Termeni \\u0219i condi\\u021bii - Flachim.ro\",\"description\":\"Termeni \\u0219i condi\\u021bii SC Flachim Construct SRLt prin intermediul site-ului www.flachim.ro pune la dispozi\\u021bie informa\\u021bii \\u00een scop informativ general, \\u0219i nu garanteaz\\u0103 de exactitatea lor la un moment dat, de\\u0219i se lucreaz\\u0103 constant la actualizarea lor. Pute\\u021bi desc\\u0103rca con\\u021binutul, \\u00eens\\u0103 doar pentru folosul personal \\u0219i ne-comercial \\u0219i cu condi\\u021bia de a v\\u0103 conforma cu informa\\u021biile\",\"inLanguage\":\"hu-HU\",\"isPartOf\":{\"@id\":\"https:\\\/\\\/flachim.ro\\\/hu\\\/#website\"},\"breadcrumb\":{\"@id\":\"https:\\\/\\\/flachim.ro\\\/hu\\\/termeni-si-conditii\\\/#breadcrumblist\"},\"datePublished\":\"2022-12-05T18:17:04+00:00\",\"dateModified\":\"2022-12-05T18:25:37+00:00\"},{\"@type\":\"WebSite\",\"@id\":\"https:\\\/\\\/flachim.ro\\\/hu\\\/#website\",\"url\":\"https:\\\/\\\/flachim.ro\\\/hu\\\/\",\"name\":\"Flachim.ro\",\"description\":\"Construc\\u021bii industriale, edilitare \\u0219i reziden\\u021biale.\",\"inLanguage\":\"hu-HU\",\"publisher\":{\"@id\":\"https:\\\/\\\/flachim.ro\\\/hu\\\/#organization\"}}]}\n\t\t<\/script>\n\t\t<!-- All in One SEO Pro -->\r\n\t\t<title>Termeni \u0219i condi\u021bii - Flachim.ro<\/title>\n\n","aioseo_head_json":{"title":"Felhaszn\u00e1l\u00e1si felt\u00e9telek - Flachim.ro","description":"Termeni \u0219i condi\u021bii SC Flachim Construct SRLt prin intermediul site-ului www.flachim.ro pune la dispozi\u021bie informa\u021bii \u00een scop informativ general, \u0219i nu garanteaz\u0103 de exactitatea lor la un moment dat, de\u0219i se lucreaz\u0103 constant la actualizarea lor. Pute\u021bi desc\u0103rca con\u021binutul, \u00eens\u0103 doar pentru folosul personal \u0219i ne-comercial \u0219i cu condi\u021bia de a v\u0103 conforma cu informa\u021biile","canonical_url":"https:\/\/flachim.ro\/hu\/termeni-si-conditii\/","robots":"max-image-preview:large","keywords":"","webmasterTools":{"miscellaneous":""},"schema":{"@context":"https:\/\/schema.org","@graph":[{"@type":"BreadcrumbList","@id":"https:\/\/flachim.ro\/hu\/termeni-si-conditii\/#breadcrumblist","itemListElement":[{"@type":"ListItem","@id":"https:\/\/flachim.ro\/hu#listItem","position":1,"name":"Home","item":"https:\/\/flachim.ro\/hu","nextItem":{"@type":"ListItem","@id":"https:\/\/flachim.ro\/hu\/termeni-si-conditii\/#listItem","name":"Termeni \u0219i condi\u021bii"}},{"@type":"ListItem","@id":"https:\/\/flachim.ro\/hu\/termeni-si-conditii\/#listItem","position":2,"name":"Termeni \u0219i condi\u021bii","previousItem":{"@type":"ListItem","@id":"https:\/\/flachim.ro\/hu#listItem","name":"Home"}}]},{"@type":"Organization","@id":"https:\/\/flachim.ro\/hu\/#organization","name":"Flachim.ro","description":"Construc\u021bii industriale, edilitare \u0219i reziden\u021biale.","url":"https:\/\/flachim.ro\/hu\/","email":"contact@flachim.ro","telephone":"+40745051509","logo":{"@type":"ImageObject","url":"https:\/\/flachim.ro\/wp-content\/uploads\/2022\/12\/999.svg","@id":"https:\/\/flachim.ro\/hu\/termeni-si-conditii\/#organizationLogo","width":200,"height":97,"caption":"Logo Flachim.ro"},"image":{"@id":"https:\/\/flachim.ro\/hu\/termeni-si-conditii\/#organizationLogo"},"address":{"@id":"https:\/\/flachim.ro\/hu\/#postaladdress","@type":"PostalAddress","streetAddress":"Nr. 96,","addressLocality":"Ortiteag","addressRegion":"Bihor","addressCountry":"RO"},"taxID":"J05\/341\/2003","vatID":"15305518"},{"@type":"WebPage","@id":"https:\/\/flachim.ro\/hu\/termeni-si-conditii\/#webpage","url":"https:\/\/flachim.ro\/hu\/termeni-si-conditii\/","name":"Termeni \u0219i condi\u021bii - Flachim.ro","description":"Termeni \u0219i condi\u021bii SC Flachim Construct SRLt prin intermediul site-ului www.flachim.ro pune la dispozi\u021bie informa\u021bii \u00een scop informativ general, \u0219i nu garanteaz\u0103 de exactitatea lor la un moment dat, de\u0219i se lucreaz\u0103 constant la actualizarea lor. Pute\u021bi desc\u0103rca con\u021binutul, \u00eens\u0103 doar pentru folosul personal \u0219i ne-comercial \u0219i cu condi\u021bia de a v\u0103 conforma cu informa\u021biile","inLanguage":"hu-HU","isPartOf":{"@id":"https:\/\/flachim.ro\/hu\/#website"},"breadcrumb":{"@id":"https:\/\/flachim.ro\/hu\/termeni-si-conditii\/#breadcrumblist"},"datePublished":"2022-12-05T18:17:04+00:00","dateModified":"2022-12-05T18:25:37+00:00"},{"@type":"WebSite","@id":"https:\/\/flachim.ro\/hu\/#website","url":"https:\/\/flachim.ro\/hu\/","name":"Flachim.ro","description":"Construc\u021bii industriale, edilitare \u0219i reziden\u021biale.","inLanguage":"hu-HU","publisher":{"@id":"https:\/\/flachim.ro\/hu\/#organization"}}]},"og:locale":"hu_HU","og:site_name":"Flachim.ro - Construc\u021bii industriale, edilitare \u0219i reziden\u021biale.","og:type":"article","og:title":"Termeni \u0219i condi\u021bii - Flachim.ro","og:description":"Termeni \u0219i condi\u021bii SC Flachim Construct SRLt prin intermediul site-ului www.flachim.ro pune la dispozi\u021bie informa\u021bii \u00een scop informativ general, \u0219i nu garanteaz\u0103 de exactitatea lor la un moment dat, de\u0219i se lucreaz\u0103 constant la actualizarea lor. Pute\u021bi desc\u0103rca con\u021binutul, \u00eens\u0103 doar pentru folosul personal \u0219i ne-comercial \u0219i cu condi\u021bia de a v\u0103 conforma cu informa\u021biile","og:url":"https:\/\/flachim.ro\/hu\/termeni-si-conditii\/","og:image":"https:\/\/flachim.ro\/wp-content\/uploads\/2022\/12\/999.svg","og:image:secure_url":"https:\/\/flachim.ro\/wp-content\/uploads\/2022\/12\/999.svg","og:image:width":200,"og:image:height":97,"article:published_time":"2022-12-05T18:17:04+00:00","article:modified_time":"2022-12-05T18:25:37+00:00","twitter:card":"summary_large_image","twitter:title":"Termeni \u0219i condi\u021bii - Flachim.ro","twitter:description":"Termeni \u0219i condi\u021bii SC Flachim Construct SRLt prin intermediul site-ului www.flachim.ro pune la dispozi\u021bie informa\u021bii \u00een scop informativ general, \u0219i nu garanteaz\u0103 de exactitatea lor la un moment dat, de\u0219i se lucreaz\u0103 constant la actualizarea lor. Pute\u021bi desc\u0103rca con\u021binutul, \u00eens\u0103 doar pentru folosul personal \u0219i ne-comercial \u0219i cu condi\u021bia de a v\u0103 conforma cu informa\u021biile","twitter:image":"https:\/\/flachim.ro\/wp-content\/uploads\/2022\/12\/999.svg"},"aioseo_meta_data":{"post_id":"1535","title":null,"description":null,"keywords":null,"keyphrases":null,"primary_term":null,"canonical_url":null,"og_title":null,"og_description":null,"og_object_type":"default","og_image_type":"default","og_image_url":null,"og_image_width":null,"og_image_height":null,"og_image_custom_url":null,"og_image_custom_fields":null,"og_video":null,"og_custom_url":null,"og_article_section":null,"og_article_tags":null,"twitter_use_og":false,"twitter_card":"default","twitter_image_type":"default","twitter_image_url":null,"twitter_image_custom_url":null,"twitter_image_custom_fields":null,"twitter_title":null,"twitter_description":null,"schema":{"blockGraphs":[],"customGraphs":[],"default":{"data":{"Article":[],"Course":[],"Dataset":[],"FAQPage":[],"Movie":[],"Person":[],"Product":[],"ProductReview":[],"Car":[],"Recipe":[],"Service":[],"SoftwareApplication":[],"WebPage":[]},"graphName":"","isEnabled":true},"graphs":[]},"schema_type":"default","schema_type_options":null,"pillar_content":false,"robots_default":true,"robots_noindex":false,"robots_noarchive":false,"robots_nosnippet":false,"robots_nofollow":false,"robots_noimageindex":false,"robots_noodp":false,"robots_notranslate":false,"robots_max_snippet":null,"robots_max_videopreview":null,"robots_max_imagepreview":"large","priority":null,"frequency":null,"local_seo":null,"seo_analyzer_scan_date":"2025-08-15 03:58:59","breadcrumb_settings":null,"limit_modified_date":false,"open_ai":null,"ai":null,"created":"2022-12-15 10:34:45","updated":"2025-10-22 03:32:50"},"aioseo_breadcrumb":"<div class=\"aioseo-breadcrumbs\"><span class=\"aioseo-breadcrumb\">\n\t<a href=\"https:\/\/flachim.ro\/hu\" title=\"Home\">Home<\/a>\n<\/span><span class=\"aioseo-breadcrumb-separator\">&raquo;<\/span><span class=\"aioseo-breadcrumb\">\n\tTermeni \u0219i condi\u021bii\n<\/span><\/div>","aioseo_breadcrumb_json":[{"label":"Home","link":"https:\/\/flachim.ro\/hu"},{"label":"Termeni \u0219i condi\u021bii","link":"https:\/\/flachim.ro\/hu\/termeni-si-conditii\/"}],"_links":{"self":[{"href":"https:\/\/flachim.ro\/hu\/wp-json\/wp\/v2\/pages\/1535","targetHints":{"allow":["GET"]}}],"collection":[{"href":"https:\/\/flachim.ro\/hu\/wp-json\/wp\/v2\/pages"}],"about":[{"href":"https:\/\/flachim.ro\/hu\/wp-json\/wp\/v2\/types\/page"}],"author":[{"embeddable":true,"href":"https:\/\/flachim.ro\/hu\/wp-json\/wp\/v2\/users\/1"}],"replies":[{"embeddable":true,"href":"https:\/\/flachim.ro\/hu\/wp-json\/wp\/v2\/comments?post=1535"}],"version-history":[{"count":8,"href":"https:\/\/flachim.ro\/hu\/wp-json\/wp\/v2\/pages\/1535\/revisions"}],"predecessor-version":[{"id":1543,"href":"https:\/\/flachim.ro\/hu\/wp-json\/wp\/v2\/pages\/1535\/revisions\/1543"}],"wp:attachment":[{"href":"https:\/\/flachim.ro\/hu\/wp-json\/wp\/v2\/media?parent=1535"}],"curies":[{"name":"wp","href":"https:\/\/api.w.org\/{rel}","templated":true}]}}