{"id":21,"date":"2019-09-04T14:57:03","date_gmt":"2019-09-04T14:57:03","guid":{"rendered":"http:\/\/flachim.ro\/?p=21"},"modified":"2024-08-29T16:39:06","modified_gmt":"2024-08-29T16:39:06","slug":"contact","status":"publish","type":"page","link":"https:\/\/flachim.ro\/en\/contact\/","title":{"rendered":"Contact"},"content":{"rendered":"<div>Detalii de<br class=\"uk-visible@xl\"> contact<span class=\"uk-text-primary\">.<\/span><\/div>\n<div>V\u0103 st\u0103m cu pl\u0103cere la dispozi\u021bie pentru a v\u0103 r\u0103spunde la orice \u00eentrebare suplimentar\u0103 legat\u0103 de serviciile noastre. V\u0103 rug\u0103m s\u0103 nu ezita\u021bi s\u0103 ne contacta\u021bi folosind informa\u021biile de mai jos.<\/div>\n<p>\n    <a href=\"#harta\">Loca\u021bia noastr\u0103<\/a>\n<\/p>\n<h2>Loca\u021bie<\/h2>\n<div>\n<p>Sat Ortiteag, comuna M\u0103ge\u015fti<br \/>Nr. 96\/D, jude\u021bul Bihor, 417342<\/p>\n<\/div>\n<h2>Contact<\/h2>\n<div>\n<p>Telefon: +40 736 353 332<br \/>\nE-Mail: contact@flachim.ro<\/p>\n<\/div>\n<h2>Informa\u021bii<\/h2>\n<div>\n<p>J05\/341\/2003<br \/>RO15305518<\/p>\n<\/div>\n<div>\n<p>47.03188049327378,22.43558111064442<\/p>\n<p><img decoding=\"async\" src=\"\/wp-content\/uploads\/2022\/12\/999.svg\" alt=\"Logo Flachim.ro\"><\/p>\n<\/div>\n<p><!--more--><br \/>\n<!-- {\"type\":\"layout\",\"children\":[{\"type\":\"section\",\"props\":{\"css\":\"@media (min-width: 960px) {\\n    .el-section > div  {\\n        padding-top: 350px;\\n        padding-bottom: 350px;\\n    }\\n}\",\"image\":\"wp-content\\\/uploads\\\/2022\\\/12\\\/New-Project.jpg\",\"image_effect\":\"parallax\",\"image_loading\":true,\"image_parallax_bgx\":\"0\",\"image_parallax_bgy\":\"0\",\"image_position\":\"center-center\",\"image_size\":\"cover\",\"padding\":\"xlarge\",\"padding_remove_bottom\":false,\"sticky\":\"cover\",\"style\":\"default\",\"title_breakpoint\":\"xl\",\"title_position\":\"top-left\",\"title_rotation\":\"left\",\"vertical_align\":\"\",\"width\":\"\"},\"children\":[{\"type\":\"row\",\"children\":[{\"type\":\"column\",\"props\":{\"image_position\":\"center-center\",\"position_sticky_breakpoint\":\"m\",\"width_medium\":\"1-1\"}}]}],\"name\":\"Hero\"},{\"name\":\"Contact\",\"type\":\"section\",\"props\":{\"animation\":\"slide-bottom-medium\",\"image_position\":\"center-center\",\"image_size\":\"cover\",\"media\":\"images\\\/demo\\\/demo-image_01.jpg\",\"padding\":\"large\",\"padding_remove_bottom\":false,\"padding_remove_top\":false,\"style\":\"default\",\"title_breakpoint\":\"xl\",\"title_position\":\"top-left\",\"title_rotation\":\"left\",\"vertical_align\":\"\",\"width\":\"default\"},\"children\":[{\"type\":\"row\",\"children\":[{\"type\":\"column\",\"props\":{\"image_position\":\"center-center\",\"position_sticky_breakpoint\":\"m\",\"style\":\"tile-muted\",\"width_medium\":\"1-1\"},\"children\":[{\"type\":\"headline\",\"props\":{\"content\":\"Detalii de<br class=\\\"uk-visible@xl\\\"> contact<span class=\\\"uk-text-primary\\\">.<\\\/span>\",\"margin\":\"remove-vertical\",\"maxwidth\":\"large\",\"title_element\":\"div\",\"title_style\":\"h1\"}},{\"type\":\"divider\",\"props\":{\"divider_element\":\"div\",\"divider_style\":\"small\"}},{\"type\":\"text\",\"props\":{\"column_breakpoint\":\"m\",\"content\":\"V\\u0103 st\\u0103m cu pl\\u0103cere la dispozi\\u021bie pentru a v\\u0103 r\\u0103spunde la orice \\u00eentrebare suplimentar\\u0103 legat\\u0103 de serviciile noastre. V\\u0103 rug\\u0103m s\\u0103 nu ezita\\u021bi s\\u0103 ne contacta\\u021bi folosind informa\\u021biile de mai jos.\",\"margin\":\"medium\",\"maxwidth\":\"xlarge\",\"text_align\":\"left\"}},{\"type\":\"button\",\"props\":{\"button_size\":\"large\",\"fullwidth\":false,\"grid_column_gap\":\"small\",\"grid_row_gap\":\"small\",\"margin\":\"default\"},\"children\":[{\"type\":\"button_item\",\"props\":{\"button_style\":\"secondary\",\"content\":\"Loca\\u021bia noastr\\u0103\",\"icon\":\"location\",\"icon_align\":\"left\",\"link\":\"#harta\"}}]}]}]},{\"type\":\"row\",\"props\":{\"column_gap\":\"large\",\"layout\":\"1-3,1-3,1-3\",\"margin\":\"xlarge\",\"row_gap\":\"large\",\"width\":\"default\"},\"children\":[{\"type\":\"column\",\"props\":{\"image_position\":\"center-center\",\"position_sticky_breakpoint\":\"m\",\"width_medium\":\"1-3\"},\"children\":[{\"type\":\"headline\",\"props\":{\"content\":\"Loca\\u021bie\",\"margin\":\"medium\",\"margin_remove_bottom\":true,\"title_decoration\":\"divider\",\"title_element\":\"h2\",\"title_style\":\"h4\"}},{\"type\":\"text\",\"props\":{\"column_breakpoint\":\"m\",\"content\":\"\n\n<p>Sat Ortiteag, comuna M\\u0103ge\\u015fti<br \\\/>Nr. 96\\\/D, jude\\u021bul Bihor, 417342<\\\/p>\",\"margin\":\"default\",\"text_align\":\"left\"}}]},{\"type\":\"column\",\"props\":{\"image_position\":\"center-center\",\"position_sticky_breakpoint\":\"m\",\"width_medium\":\"1-3\"},\"children\":[{\"type\":\"headline\",\"props\":{\"content\":\"Contact\",\"margin_remove_bottom\":false,\"title_decoration\":\"divider\",\"title_element\":\"h2\",\"title_style\":\"h4\"}},{\"type\":\"text\",\"props\":{\"column_breakpoint\":\"m\",\"content\":\"\n\n<p>Telefon: +40 736 353 332<br \/>\\nE-Mail: contact@flachim.ro<\\\/p>\",\"margin\":\"remove-vertical\",\"margin_remove_bottom\":true}}]},{\"type\":\"column\",\"props\":{\"image_position\":\"center-center\",\"position_sticky_breakpoint\":\"m\",\"width_medium\":\"1-3\"},\"children\":[{\"type\":\"headline\",\"props\":{\"content\":\"Informa\\u021bii\",\"margin_remove_bottom\":false,\"title_decoration\":\"divider\",\"title_element\":\"h2\",\"title_style\":\"h4\"}},{\"type\":\"text\",\"props\":{\"column_breakpoint\":\"m\",\"content\":\"\n\n<p>J05\\\/341\\\/2003<br \\\/>RO15305518<\\\/p>\",\"margin\":\"remove-vertical\",\"margin_remove_bottom\":true}}]}]}]},{\"name\":\"Map\",\"type\":\"section\",\"props\":{\"animation\":\"slide-left-medium\",\"id\":\"harta\",\"image_position\":\"center-center\",\"padding\":\"none\",\"style\":\"default\",\"title_breakpoint\":\"xl\",\"title_position\":\"top-left\",\"title_rotation\":\"left\",\"vertical_align\":\"\",\"width\":\"\"},\"children\":[{\"type\":\"row\",\"children\":[{\"type\":\"column\",\"props\":{\"image_position\":\"center-center\",\"position_sticky_breakpoint\":\"m\",\"width_medium\":\"1-1\"},\"children\":[{\"type\":\"map\",\"props\":{\"controls\":true,\"dragging\":true,\"height\":\"600\",\"image_svg_color\":\"emphasis\",\"link_style\":\"default\",\"link_text\":\"Read more\",\"margin\":\"default\",\"max_zoom\":18,\"meta_align\":\"below-title\",\"meta_element\":\"div\",\"meta_style\":\"text-meta\",\"min_zoom\":0,\"poi\":false,\"show_content\":true,\"show_image\":true,\"show_link\":true,\"show_meta\":true,\"show_title\":true,\"styler_gamma\":\"0.3\",\"styler_lightness\":\"90\",\"styler_saturation\":\"-100\",\"title_element\":\"h3\",\"title_hover_style\":\"reset\",\"type\":\"roadmap\",\"zoom\":\"12\",\"zooming\":false},\"children\":[{\"type\":\"map_item\",\"props\":{\"hide\":false,\"image\":\"wp-content\\\/uploads\\\/2022\\\/12\\\/999.svg\",\"image_alt\":\"Logo Flachim.ro\",\"location\":\"47.03188049327378,22.43558111064442\"}}]}]}]}]}],\"version\":\"4.4.8\"} --><\/p>\n","protected":false},"excerpt":{"rendered":"<p>Detalii de contact. V\u0103 st\u0103m cu pl\u0103cere la dispozi\u021bie pentru a v\u0103 r\u0103spunde la orice \u00eentrebare suplimentar\u0103 legat\u0103 de serviciile noastre. V\u0103 rug\u0103m s\u0103 nu ezita\u021bi s\u0103 ne contacta\u021bi folosind informa\u021biile de mai jos. Loca\u021bia noastr\u0103 Loca\u021bie Sat Ortiteag, comuna M\u0103ge\u015ftiNr. 96\/D, jude\u021bul Bihor, 417342 Contact Telefon: +40 736 353 332 E-Mail: contact@flachim.ro Informa\u021bii J05\/341\/2003RO15305518 [&hellip;]<\/p>\n","protected":false},"author":1,"featured_media":0,"parent":0,"menu_order":2,"comment_status":"open","ping_status":"open","template":"","meta":{"_acf_changed":false,"footnotes":""},"class_list":["post-21","page","type-page","status-publish","hentry"],"acf":[],"aioseo_notices":[],"aioseo_head":"\n\t\t<!-- All in One SEO Pro 4.9.6.2 - aioseo.com -->\n\t<meta name=\"description\" content=\"Detalii de contact. V\u0103 st\u0103m cu pl\u0103cere la dispozi\u021bie pentru a v\u0103 r\u0103spunde la orice \u00eentrebare suplimentar\u0103 legat\u0103 de serviciile noastre. V\u0103 rug\u0103m s\u0103 nu ezita\u021bi s\u0103 ne contacta\u021bi folosind informa\u021biile de mai jos. Loca\u021bia noastr\u0103 Loca\u021bie Sat Ortiteag, comuna M\u0103ge\u015ftiNr. 96\/D, jude\u021bul Bihor, 417342 Contact Telefon: +40 736 353 332 E-Mail: contact@flachim.ro Informa\u021bii J05\/341\/2003RO15305518\" \/>\n\t<meta name=\"robots\" content=\"max-image-preview:large\" \/>\n\t<link rel=\"canonical\" href=\"https:\/\/flachim.ro\/en\/contact\/\" \/>\n\t<meta name=\"generator\" content=\"All in One SEO Pro (AIOSEO) 4.9.6.2\" \/>\n\t\t<meta property=\"og:locale\" content=\"en_US\" \/>\n\t\t<meta property=\"og:site_name\" content=\"Flachim.ro - Construc\u021bii industriale, edilitare \u0219i reziden\u021biale.\" \/>\n\t\t<meta property=\"og:type\" content=\"article\" \/>\n\t\t<meta property=\"og:title\" content=\"Contact - Flachim.ro\" \/>\n\t\t<meta property=\"og:description\" content=\"Detalii de contact. V\u0103 st\u0103m cu pl\u0103cere la dispozi\u021bie pentru a v\u0103 r\u0103spunde la orice \u00eentrebare suplimentar\u0103 legat\u0103 de serviciile noastre. V\u0103 rug\u0103m s\u0103 nu ezita\u021bi s\u0103 ne contacta\u021bi folosind informa\u021biile de mai jos. Loca\u021bia noastr\u0103 Loca\u021bie Sat Ortiteag, comuna M\u0103ge\u015ftiNr. 96\/D, jude\u021bul Bihor, 417342 Contact Telefon: +40 736 353 332 E-Mail: contact@flachim.ro Informa\u021bii J05\/341\/2003RO15305518\" \/>\n\t\t<meta property=\"og:url\" content=\"https:\/\/flachim.ro\/en\/contact\/\" \/>\n\t\t<meta property=\"og:image\" content=\"https:\/\/flachim.ro\/wp-content\/uploads\/2022\/12\/999.svg\" \/>\n\t\t<meta property=\"og:image:secure_url\" content=\"https:\/\/flachim.ro\/wp-content\/uploads\/2022\/12\/999.svg\" \/>\n\t\t<meta property=\"og:image:width\" content=\"200\" \/>\n\t\t<meta property=\"og:image:height\" content=\"97\" \/>\n\t\t<meta property=\"article:published_time\" content=\"2019-09-04T14:57:03+00:00\" \/>\n\t\t<meta property=\"article:modified_time\" content=\"2024-08-29T16:39:06+00:00\" \/>\n\t\t<meta name=\"twitter:card\" content=\"summary_large_image\" \/>\n\t\t<meta name=\"twitter:title\" content=\"Contact - Flachim.ro\" \/>\n\t\t<meta name=\"twitter:description\" content=\"Detalii de contact. V\u0103 st\u0103m cu pl\u0103cere la dispozi\u021bie pentru a v\u0103 r\u0103spunde la orice \u00eentrebare suplimentar\u0103 legat\u0103 de serviciile noastre. V\u0103 rug\u0103m s\u0103 nu ezita\u021bi s\u0103 ne contacta\u021bi folosind informa\u021biile de mai jos. Loca\u021bia noastr\u0103 Loca\u021bie Sat Ortiteag, comuna M\u0103ge\u015ftiNr. 96\/D, jude\u021bul Bihor, 417342 Contact Telefon: +40 736 353 332 E-Mail: contact@flachim.ro Informa\u021bii J05\/341\/2003RO15305518\" \/>\n\t\t<meta name=\"twitter:image\" content=\"https:\/\/flachim.ro\/wp-content\/uploads\/2022\/12\/999.svg\" \/>\n\t\t<script type=\"application\/ld+json\" class=\"aioseo-schema\">\n\t\t\t{\"@context\":\"https:\\\/\\\/schema.org\",\"@graph\":[{\"@type\":\"BreadcrumbList\",\"@id\":\"https:\\\/\\\/flachim.ro\\\/en\\\/contact\\\/#breadcrumblist\",\"itemListElement\":[{\"@type\":\"ListItem\",\"@id\":\"https:\\\/\\\/flachim.ro\\\/en#listItem\",\"position\":1,\"name\":\"Home\",\"item\":\"https:\\\/\\\/flachim.ro\\\/en\",\"nextItem\":{\"@type\":\"ListItem\",\"@id\":\"https:\\\/\\\/flachim.ro\\\/en\\\/contact\\\/#listItem\",\"name\":\"Contact\"}},{\"@type\":\"ListItem\",\"@id\":\"https:\\\/\\\/flachim.ro\\\/en\\\/contact\\\/#listItem\",\"position\":2,\"name\":\"Contact\",\"previousItem\":{\"@type\":\"ListItem\",\"@id\":\"https:\\\/\\\/flachim.ro\\\/en#listItem\",\"name\":\"Home\"}}]},{\"@type\":\"Organization\",\"@id\":\"https:\\\/\\\/flachim.ro\\\/en\\\/#organization\",\"name\":\"Flachim.ro\",\"description\":\"Construc\\u021bii industriale, edilitare \\u0219i reziden\\u021biale.\",\"url\":\"https:\\\/\\\/flachim.ro\\\/en\\\/\",\"email\":\"contact@flachim.ro\",\"telephone\":\"+40745051509\",\"logo\":{\"@type\":\"ImageObject\",\"url\":\"https:\\\/\\\/flachim.ro\\\/wp-content\\\/uploads\\\/2022\\\/12\\\/999.svg\",\"@id\":\"https:\\\/\\\/flachim.ro\\\/en\\\/contact\\\/#organizationLogo\",\"width\":200,\"height\":97,\"caption\":\"Logo Flachim.ro\"},\"image\":{\"@id\":\"https:\\\/\\\/flachim.ro\\\/en\\\/contact\\\/#organizationLogo\"},\"address\":{\"@id\":\"https:\\\/\\\/flachim.ro\\\/en\\\/#postaladdress\",\"@type\":\"PostalAddress\",\"streetAddress\":\"Nr. 96,\",\"addressLocality\":\"Ortiteag\",\"addressRegion\":\"Bihor\",\"addressCountry\":\"RO\"},\"taxID\":\"J05\\\/341\\\/2003\",\"vatID\":\"15305518\"},{\"@type\":\"WebPage\",\"@id\":\"https:\\\/\\\/flachim.ro\\\/en\\\/contact\\\/#webpage\",\"url\":\"https:\\\/\\\/flachim.ro\\\/en\\\/contact\\\/\",\"name\":\"Contact - Flachim.ro\",\"description\":\"Detalii de contact. V\\u0103 st\\u0103m cu pl\\u0103cere la dispozi\\u021bie pentru a v\\u0103 r\\u0103spunde la orice \\u00eentrebare suplimentar\\u0103 legat\\u0103 de serviciile noastre. V\\u0103 rug\\u0103m s\\u0103 nu ezita\\u021bi s\\u0103 ne contacta\\u021bi folosind informa\\u021biile de mai jos. Loca\\u021bia noastr\\u0103 Loca\\u021bie Sat Ortiteag, comuna M\\u0103ge\\u015ftiNr. 96\\\/D, jude\\u021bul Bihor, 417342 Contact Telefon: +40 736 353 332 E-Mail: contact@flachim.ro Informa\\u021bii J05\\\/341\\\/2003RO15305518\",\"inLanguage\":\"en-US\",\"isPartOf\":{\"@id\":\"https:\\\/\\\/flachim.ro\\\/en\\\/#website\"},\"breadcrumb\":{\"@id\":\"https:\\\/\\\/flachim.ro\\\/en\\\/contact\\\/#breadcrumblist\"},\"datePublished\":\"2019-09-04T14:57:03+00:00\",\"dateModified\":\"2024-08-29T16:39:06+00:00\"},{\"@type\":\"WebSite\",\"@id\":\"https:\\\/\\\/flachim.ro\\\/en\\\/#website\",\"url\":\"https:\\\/\\\/flachim.ro\\\/en\\\/\",\"name\":\"Flachim.ro\",\"description\":\"Construc\\u021bii industriale, edilitare \\u0219i reziden\\u021biale.\",\"inLanguage\":\"en-US\",\"publisher\":{\"@id\":\"https:\\\/\\\/flachim.ro\\\/en\\\/#organization\"}}]}\n\t\t<\/script>\n\t\t<!-- All in One SEO Pro -->\r\n\t\t<title>Contact - Flachim.ro<\/title>\n\n","aioseo_head_json":{"title":"Contact us - Flachim.ro","description":"Detalii de contact. V\u0103 st\u0103m cu pl\u0103cere la dispozi\u021bie pentru a v\u0103 r\u0103spunde la orice \u00eentrebare suplimentar\u0103 legat\u0103 de serviciile noastre. V\u0103 rug\u0103m s\u0103 nu ezita\u021bi s\u0103 ne contacta\u021bi folosind informa\u021biile de mai jos. Loca\u021bia noastr\u0103 Loca\u021bie Sat Ortiteag, comuna M\u0103ge\u015ftiNr. 96\/D, jude\u021bul Bihor, 417342 Contact Telefon: +40 736 353 332 E-Mail: contact@flachim.ro Informa\u021bii J05\/341\/2003RO15305518","canonical_url":"https:\/\/flachim.ro\/en\/contact\/","robots":"max-image-preview:large","keywords":"","webmasterTools":{"miscellaneous":""},"schema":{"@context":"https:\/\/schema.org","@graph":[{"@type":"BreadcrumbList","@id":"https:\/\/flachim.ro\/en\/contact\/#breadcrumblist","itemListElement":[{"@type":"ListItem","@id":"https:\/\/flachim.ro\/en#listItem","position":1,"name":"Home","item":"https:\/\/flachim.ro\/en","nextItem":{"@type":"ListItem","@id":"https:\/\/flachim.ro\/en\/contact\/#listItem","name":"Contact"}},{"@type":"ListItem","@id":"https:\/\/flachim.ro\/en\/contact\/#listItem","position":2,"name":"Contact","previousItem":{"@type":"ListItem","@id":"https:\/\/flachim.ro\/en#listItem","name":"Home"}}]},{"@type":"Organization","@id":"https:\/\/flachim.ro\/en\/#organization","name":"Flachim.ro","description":"Construc\u021bii industriale, edilitare \u0219i reziden\u021biale.","url":"https:\/\/flachim.ro\/en\/","email":"contact@flachim.ro","telephone":"+40745051509","logo":{"@type":"ImageObject","url":"https:\/\/flachim.ro\/wp-content\/uploads\/2022\/12\/999.svg","@id":"https:\/\/flachim.ro\/en\/contact\/#organizationLogo","width":200,"height":97,"caption":"Logo Flachim.ro"},"image":{"@id":"https:\/\/flachim.ro\/en\/contact\/#organizationLogo"},"address":{"@id":"https:\/\/flachim.ro\/en\/#postaladdress","@type":"PostalAddress","streetAddress":"Nr. 96,","addressLocality":"Ortiteag","addressRegion":"Bihor","addressCountry":"RO"},"taxID":"J05\/341\/2003","vatID":"15305518"},{"@type":"WebPage","@id":"https:\/\/flachim.ro\/en\/contact\/#webpage","url":"https:\/\/flachim.ro\/en\/contact\/","name":"Contact - Flachim.ro","description":"Detalii de contact. V\u0103 st\u0103m cu pl\u0103cere la dispozi\u021bie pentru a v\u0103 r\u0103spunde la orice \u00eentrebare suplimentar\u0103 legat\u0103 de serviciile noastre. V\u0103 rug\u0103m s\u0103 nu ezita\u021bi s\u0103 ne contacta\u021bi folosind informa\u021biile de mai jos. Loca\u021bia noastr\u0103 Loca\u021bie Sat Ortiteag, comuna M\u0103ge\u015ftiNr. 96\/D, jude\u021bul Bihor, 417342 Contact Telefon: +40 736 353 332 E-Mail: contact@flachim.ro Informa\u021bii J05\/341\/2003RO15305518","inLanguage":"en-US","isPartOf":{"@id":"https:\/\/flachim.ro\/en\/#website"},"breadcrumb":{"@id":"https:\/\/flachim.ro\/en\/contact\/#breadcrumblist"},"datePublished":"2019-09-04T14:57:03+00:00","dateModified":"2024-08-29T16:39:06+00:00"},{"@type":"WebSite","@id":"https:\/\/flachim.ro\/en\/#website","url":"https:\/\/flachim.ro\/en\/","name":"Flachim.ro","description":"Construc\u021bii industriale, edilitare \u0219i reziden\u021biale.","inLanguage":"en-US","publisher":{"@id":"https:\/\/flachim.ro\/en\/#organization"}}]},"og:locale":"en_US","og:site_name":"Flachim.ro - Construc\u021bii industriale, edilitare \u0219i reziden\u021biale.","og:type":"article","og:title":"Contact - Flachim.ro","og:description":"Detalii de contact. V\u0103 st\u0103m cu pl\u0103cere la dispozi\u021bie pentru a v\u0103 r\u0103spunde la orice \u00eentrebare suplimentar\u0103 legat\u0103 de serviciile noastre. V\u0103 rug\u0103m s\u0103 nu ezita\u021bi s\u0103 ne contacta\u021bi folosind informa\u021biile de mai jos. Loca\u021bia noastr\u0103 Loca\u021bie Sat Ortiteag, comuna M\u0103ge\u015ftiNr. 96\/D, jude\u021bul Bihor, 417342 Contact Telefon: +40 736 353 332 E-Mail: contact@flachim.ro Informa\u021bii J05\/341\/2003RO15305518","og:url":"https:\/\/flachim.ro\/en\/contact\/","og:image":"https:\/\/flachim.ro\/wp-content\/uploads\/2022\/12\/999.svg","og:image:secure_url":"https:\/\/flachim.ro\/wp-content\/uploads\/2022\/12\/999.svg","og:image:width":200,"og:image:height":97,"article:published_time":"2019-09-04T14:57:03+00:00","article:modified_time":"2024-08-29T16:39:06+00:00","twitter:card":"summary_large_image","twitter:title":"Contact - Flachim.ro","twitter:description":"Detalii de contact. V\u0103 st\u0103m cu pl\u0103cere la dispozi\u021bie pentru a v\u0103 r\u0103spunde la orice \u00eentrebare suplimentar\u0103 legat\u0103 de serviciile noastre. V\u0103 rug\u0103m s\u0103 nu ezita\u021bi s\u0103 ne contacta\u021bi folosind informa\u021biile de mai jos. Loca\u021bia noastr\u0103 Loca\u021bie Sat Ortiteag, comuna M\u0103ge\u015ftiNr. 96\/D, jude\u021bul Bihor, 417342 Contact Telefon: +40 736 353 332 E-Mail: contact@flachim.ro Informa\u021bii J05\/341\/2003RO15305518","twitter:image":"https:\/\/flachim.ro\/wp-content\/uploads\/2022\/12\/999.svg"},"aioseo_meta_data":{"post_id":"21","title":null,"description":null,"keywords":null,"keyphrases":null,"primary_term":null,"canonical_url":null,"og_title":null,"og_description":null,"og_object_type":"default","og_image_type":"default","og_image_url":null,"og_image_width":null,"og_image_height":null,"og_image_custom_url":null,"og_image_custom_fields":null,"og_video":null,"og_custom_url":null,"og_article_section":null,"og_article_tags":null,"twitter_use_og":false,"twitter_card":"default","twitter_image_type":"default","twitter_image_url":null,"twitter_image_custom_url":null,"twitter_image_custom_fields":null,"twitter_title":null,"twitter_description":null,"schema":{"blockGraphs":[],"customGraphs":[],"default":{"data":{"Article":[],"Course":[],"Dataset":[],"FAQPage":[],"Movie":[],"Person":[],"Product":[],"ProductReview":[],"Car":[],"Recipe":[],"Service":[],"SoftwareApplication":[],"WebPage":[]},"graphName":"","isEnabled":true},"graphs":[]},"schema_type":"default","schema_type_options":null,"pillar_content":false,"robots_default":true,"robots_noindex":false,"robots_noarchive":false,"robots_nosnippet":false,"robots_nofollow":false,"robots_noimageindex":false,"robots_noodp":false,"robots_notranslate":false,"robots_max_snippet":null,"robots_max_videopreview":null,"robots_max_imagepreview":"large","priority":null,"frequency":null,"local_seo":null,"seo_analyzer_scan_date":"2025-08-15 07:12:05","breadcrumb_settings":null,"limit_modified_date":false,"open_ai":null,"ai":null,"created":"2022-12-15 10:34:45","updated":"2025-10-22 03:32:50"},"aioseo_breadcrumb":"<div class=\"aioseo-breadcrumbs\"><span class=\"aioseo-breadcrumb\">\n\t<a href=\"https:\/\/flachim.ro\/en\" title=\"Home\">Home<\/a>\n<\/span><span class=\"aioseo-breadcrumb-separator\">&raquo;<\/span><span class=\"aioseo-breadcrumb\">\n\tContact\n<\/span><\/div>","aioseo_breadcrumb_json":[{"label":"Home","link":"https:\/\/flachim.ro\/en"},{"label":"Contact","link":"https:\/\/flachim.ro\/en\/contact\/"}],"_links":{"self":[{"href":"https:\/\/flachim.ro\/en\/wp-json\/wp\/v2\/pages\/21","targetHints":{"allow":["GET"]}}],"collection":[{"href":"https:\/\/flachim.ro\/en\/wp-json\/wp\/v2\/pages"}],"about":[{"href":"https:\/\/flachim.ro\/en\/wp-json\/wp\/v2\/types\/page"}],"author":[{"embeddable":true,"href":"https:\/\/flachim.ro\/en\/wp-json\/wp\/v2\/users\/1"}],"replies":[{"embeddable":true,"href":"https:\/\/flachim.ro\/en\/wp-json\/wp\/v2\/comments?post=21"}],"version-history":[{"count":69,"href":"https:\/\/flachim.ro\/en\/wp-json\/wp\/v2\/pages\/21\/revisions"}],"predecessor-version":[{"id":1980,"href":"https:\/\/flachim.ro\/en\/wp-json\/wp\/v2\/pages\/21\/revisions\/1980"}],"wp:attachment":[{"href":"https:\/\/flachim.ro\/en\/wp-json\/wp\/v2\/media?parent=21"}],"curies":[{"name":"wp","href":"https:\/\/api.w.org\/{rel}","templated":true}]}}